{"id":14,"date":"2019-01-11T10:20:13","date_gmt":"2019-01-11T10:20:13","guid":{"rendered":"http:\/\/www.marine-i.no\/?page_id=14"},"modified":"2023-05-30T15:15:08","modified_gmt":"2023-05-30T13:15:08","slug":"marine-installasjon-as","status":"publish","type":"page","link":"https:\/\/www.marine-i.no\/mi\/","title":{"rendered":"Hjem"},"content":{"rendered":"\n<h2 class=\"has-text-align-center wp-block-heading\">Marine Installasjon AS<\/h2>\n\n\n\n<figure class=\"wp-block-embed is-type-video is-provider-youtube wp-block-embed-youtube wp-embed-aspect-16-9 wp-has-aspect-ratio\"><div class=\"wp-block-embed__wrapper\">\n<iframe loading=\"lazy\" title=\"V\u00e5re stolte menn...\" width=\"640\" height=\"360\" src=\"https:\/\/www.youtube.com\/embed\/ZNzeyITTFio?feature=oembed\" frameborder=\"0\" allow=\"accelerometer; autoplay; clipboard-write; encrypted-media; gyroscope; picture-in-picture; web-share\" referrerpolicy=\"strict-origin-when-cross-origin\" allowfullscreen><\/iframe>\n<\/div><\/figure>\n\n\n\n<p class=\"has-medium-font-size\">Marine Installasjon er en p\u00e5litelig underleverand\u00f8r for verksteds- og offshoreindustrien. Gjennom sine ansatte og  gode rutiner skal selskapet innfri kundens krav og \u00f8nsker 100%.<\/p>\n\n\n\n<div class=\"wp-block-image\"><figure class=\"aligncenter size-large is-resized\"><img loading=\"lazy\" decoding=\"async\" src=\"http:\/\/www.marine-i.no\/mi\/wp-content\/uploads\/2020\/02\/Vi-gir-jernet6.jpg\" alt=\"\" class=\"wp-image-786\" width=\"190\" height=\"118\"\/><\/figure><\/div>\n\n\n\n<p class=\"has-text-align-center\"><a href=\"https:\/\/www.facebook.com\/marineinstallasjon\/\">Sjekk v\u00e5r Facebookside for nyheter<\/a><\/p>\n\n\n\n<p><\/p>\n","protected":false},"excerpt":{"rendered":"<p>Marine Installasjon AS Marine Installasjon er en p\u00e5litelig underleverand\u00f8r for verksteds- og offshoreindustrien. Gjennom sine ansatte og gode rutiner skal selskapet innfri kundens krav og \u00f8nsker 100%. Sjekk v\u00e5r Facebookside for nyheter<\/p>\n","protected":false},"author":1,"featured_media":0,"parent":0,"menu_order":0,"comment_status":"closed","ping_status":"closed","template":"","meta":{"footnotes":""},"class_list":["post-14","page","type-page","status-publish","hentry"],"_links":{"self":[{"href":"https:\/\/www.marine-i.no\/mi\/wp-json\/wp\/v2\/pages\/14","targetHints":{"allow":["GET"]}}],"collection":[{"href":"https:\/\/www.marine-i.no\/mi\/wp-json\/wp\/v2\/pages"}],"about":[{"href":"https:\/\/www.marine-i.no\/mi\/wp-json\/wp\/v2\/types\/page"}],"author":[{"embeddable":true,"href":"https:\/\/www.marine-i.no\/mi\/wp-json\/wp\/v2\/users\/1"}],"replies":[{"embeddable":true,"href":"https:\/\/www.marine-i.no\/mi\/wp-json\/wp\/v2\/comments?post=14"}],"version-history":[{"count":64,"href":"https:\/\/www.marine-i.no\/mi\/wp-json\/wp\/v2\/pages\/14\/revisions"}],"predecessor-version":[{"id":886,"href":"https:\/\/www.marine-i.no\/mi\/wp-json\/wp\/v2\/pages\/14\/revisions\/886"}],"wp:attachment":[{"href":"https:\/\/www.marine-i.no\/mi\/wp-json\/wp\/v2\/media?parent=14"}],"curies":[{"name":"wp","href":"https:\/\/api.w.org\/{rel}","templated":true}]}}