{"id":338,"date":"2019-01-29T19:46:45","date_gmt":"2019-01-29T18:46:45","guid":{"rendered":"http:\/\/www.marine-i.no\/mi\/?page_id=338"},"modified":"2026-02-12T13:44:51","modified_gmt":"2026-02-12T12:44:51","slug":"jobbsoknad","status":"publish","type":"page","link":"https:\/\/www.marine-i.no\/mi\/jobbsoknad\/","title":{"rendered":"Jobbs\u00f8knad"},"content":{"rendered":"\n<div class=\"wp-block-button\"><a class=\"wp-block-button__link has-vivid-cyan-blue-background-color has-background wp-element-button\" href=\"http:\/\/www.marine-i.no\/mi\/wp-content\/uploads\/2020\/04\/CV-Marine-Installasjon.docx\">Hvis du ikke har CV, last ned mal &#8211; klikk her<\/a><\/div>\n\n\n\n<p style=\"font-size:4px\" class=\"has-background has-very-light-gray-background-color\"><\/p>\n\n\n\n<div class=\"wpcf7 no-js\" id=\"wpcf7-f337-o1\" lang=\"nb-NO\" dir=\"ltr\" data-wpcf7-id=\"337\">\n<div class=\"screen-reader-response\"><p role=\"status\" aria-live=\"polite\" aria-atomic=\"true\"><\/p> <ul><\/ul><\/div>\n<form action=\"\/mi\/wp-json\/wp\/v2\/pages\/338#wpcf7-f337-o1\" method=\"post\" class=\"wpcf7-form init\" aria-label=\"Kontaktskjema\" novalidate=\"novalidate\" data-status=\"init\">\n<fieldset class=\"hidden-fields-container\"><input type=\"hidden\" name=\"_wpcf7\" value=\"337\" \/><input type=\"hidden\" name=\"_wpcf7_version\" value=\"6.1.6\" \/><input type=\"hidden\" name=\"_wpcf7_locale\" value=\"nb_NO\" \/><input type=\"hidden\" name=\"_wpcf7_unit_tag\" value=\"wpcf7-f337-o1\" \/><input type=\"hidden\" name=\"_wpcf7_container_post\" value=\"0\" \/><input type=\"hidden\" name=\"_wpcf7_posted_data_hash\" value=\"\" \/>\n<\/fieldset>\n<p><label> Ditt navn (obligatorisk)<br \/>\n<span class=\"wpcf7-form-control-wrap\" data-name=\"your-name\"><input size=\"40\" maxlength=\"400\" class=\"wpcf7-form-control wpcf7-text wpcf7-validates-as-required\" aria-required=\"true\" aria-invalid=\"false\" value=\"\" type=\"text\" name=\"your-name\" \/><\/span> <\/label>\n<\/p>\n<p><label> E-post (obligatorisk)<br \/>\n<span class=\"wpcf7-form-control-wrap\" data-name=\"your-email\"><input size=\"40\" maxlength=\"400\" class=\"wpcf7-form-control wpcf7-email wpcf7-validates-as-required wpcf7-text wpcf7-validates-as-email\" aria-required=\"true\" aria-invalid=\"false\" value=\"\" type=\"email\" name=\"your-email\" \/><\/span> <\/label>\n<\/p>\n<p><label> Mobilnummer(obligatorisk)<br \/>\n<span class=\"wpcf7-form-control-wrap\" data-name=\"Mobilnr\"><input size=\"40\" maxlength=\"400\" class=\"wpcf7-form-control wpcf7-tel wpcf7-validates-as-required wpcf7-text wpcf7-validates-as-tel\" aria-required=\"true\" aria-invalid=\"false\" value=\"\" type=\"tel\" name=\"Mobilnr\" \/><\/span> <\/label>\n<\/p>\n<p>Fagbrev\/gyldig kurs\n<\/p>\n<p><span class=\"wpcf7-form-control-wrap\" data-name=\"Fagomrder\"><span class=\"wpcf7-form-control wpcf7-checkbox wpcf7-validates-as-required\"><span class=\"wpcf7-list-item first\"><input type=\"checkbox\" name=\"Fagomrder[]\" value=\"R\u00f8r\" \/><span class=\"wpcf7-list-item-label\">R\u00f8r<\/span><\/span><span class=\"wpcf7-list-item\"><input type=\"checkbox\" name=\"Fagomrder[]\" value=\"Instrumentr\u00f8r\" \/><span class=\"wpcf7-list-item-label\">Instrumentr\u00f8r<\/span><\/span><span class=\"wpcf7-list-item\"><input type=\"checkbox\" name=\"Fagomrder[]\" value=\"Sveis\" \/><span class=\"wpcf7-list-item-label\">Sveis<\/span><\/span><span class=\"wpcf7-list-item\"><input type=\"checkbox\" name=\"Fagomrder[]\" value=\"Plate\" \/><span class=\"wpcf7-list-item-label\">Plate<\/span><\/span><span class=\"wpcf7-list-item\"><input type=\"checkbox\" name=\"Fagomrder[]\" value=\"Mekanisk\" \/><span class=\"wpcf7-list-item-label\">Mekanisk<\/span><\/span><span class=\"wpcf7-list-item\"><input type=\"checkbox\" name=\"Fagomrder[]\" value=\"Rigg\" \/><span class=\"wpcf7-list-item-label\">Rigg<\/span><\/span><span class=\"wpcf7-list-item\"><input type=\"checkbox\" name=\"Fagomrder[]\" value=\"Bolt\" \/><span class=\"wpcf7-list-item-label\">Bolt<\/span><\/span><span class=\"wpcf7-list-item last\"><input type=\"checkbox\" name=\"Fagomrder[]\" value=\"Offshorekurs\" \/><span class=\"wpcf7-list-item-label\">Offshorekurs<\/span><\/span><\/span><\/span>\n<\/p>\n<p>Sitetest\n<\/p>\n<p><span class=\"wpcf7-form-control-wrap\" data-name=\"Sitetest\"><span class=\"wpcf7-form-control wpcf7-checkbox\"><span class=\"wpcf7-list-item first\"><input type=\"checkbox\" name=\"Sitetest[]\" value=\"R\u00f8r\" \/><span class=\"wpcf7-list-item-label\">R\u00f8r<\/span><\/span><span class=\"wpcf7-list-item\"><input type=\"checkbox\" name=\"Sitetest[]\" value=\"Plate\" \/><span class=\"wpcf7-list-item-label\">Plate<\/span><\/span><span class=\"wpcf7-list-item last\"><input type=\"checkbox\" name=\"Sitetest[]\" value=\"Sveis\" \/><span class=\"wpcf7-list-item-label\">Sveis<\/span><\/span><\/span><\/span>\n<\/p>\n<p><label> Melding<br \/>\n<span class=\"wpcf7-form-control-wrap\" data-name=\"your-message\"><input size=\"40\" maxlength=\"400\" class=\"wpcf7-form-control wpcf7-text\" aria-invalid=\"false\" value=\"\" type=\"text\" name=\"your-message\" \/><\/span> <\/label>\n<\/p>\n<p>Legg ved CV, fagbrev, Sitetest, Helseattest osv.\n<\/p>\n<p><span class=\"wpcf7-form-control-wrap\" data-name=\"mfile-211\"><input size=\"40\" class=\"wpcf7-form-control wpcf7-drag-n-drop-file d-none\" aria-invalid=\"false\" type=\"file\" multiple=\"multiple\" data-name=\"mfile-211\" data-min=\"1\" data-id=\"337\" data-version=\"free version 1.3.9.7\" accept=\".\" \/><\/span>\n<\/p>\n<p><span class=\"wpcf7-form-control-wrap\" data-name=\"GDPR\"><span class=\"wpcf7-form-control wpcf7-checkbox wpcf7-validates-as-required\"><span class=\"wpcf7-list-item first last\"><input type=\"checkbox\" name=\"GDPR[]\" value=\"Jeg samtykker til at Marine Installasjon lagrer mine personopplysninger som f\u00f8dselsnummer, bankkonto, epost, telefonnummer, navn og adresse og at disse deles med MI\u2019s interesse parter der det er n\u00f8dvendig. Personopplysningene slettes n\u00e5r de ikke lenger omfattes av krav i den norske s\u00e6rlovgivningen.\" \/><span class=\"wpcf7-list-item-label\">Jeg samtykker til at Marine Installasjon lagrer mine personopplysninger som f\u00f8dselsnummer, bankkonto, epost, telefonnummer, navn og adresse og at disse deles med MI\u2019s interesse parter der det er n\u00f8dvendig. Personopplysningene slettes n\u00e5r de ikke lenger omfattes av krav i den norske s\u00e6rlovgivningen.<\/span><\/span><\/span><\/span>\n<\/p>\n<p><input class=\"wpcf7-form-control wpcf7-submit has-spinner\" type=\"submit\" value=\"Send\" \/>\n<\/p><div class=\"wpcf7-response-output\" aria-hidden=\"true\"><\/div>\n<\/form>\n<\/div>\n\n\n\n\n<p>En annen mulighet er \u00e5 sende epost til Roy eller Harald med CV og kopi av attester\/papirer, se epostadresse under <a href=\"https:\/\/www.marine-i.no\/mi\/kontaktinformasjon\/\" data-type=\"URL\" data-id=\"https:\/\/www.marine-i.no\/mi\/kontaktinformasjon\/\">kontakter<\/a>.<\/p>\n\n\n\n<p><\/p>\n","protected":false},"excerpt":{"rendered":"<p>En annen mulighet er \u00e5 sende epost til Roy eller Harald med CV og kopi av attester\/papirer, se epostadresse under kontakter.<\/p>\n","protected":false},"author":1,"featured_media":0,"parent":0,"menu_order":0,"comment_status":"closed","ping_status":"closed","template":"","meta":{"footnotes":""},"class_list":["post-338","page","type-page","status-publish","hentry"],"_links":{"self":[{"href":"https:\/\/www.marine-i.no\/mi\/wp-json\/wp\/v2\/pages\/338","targetHints":{"allow":["GET"]}}],"collection":[{"href":"https:\/\/www.marine-i.no\/mi\/wp-json\/wp\/v2\/pages"}],"about":[{"href":"https:\/\/www.marine-i.no\/mi\/wp-json\/wp\/v2\/types\/page"}],"author":[{"embeddable":true,"href":"https:\/\/www.marine-i.no\/mi\/wp-json\/wp\/v2\/users\/1"}],"replies":[{"embeddable":true,"href":"https:\/\/www.marine-i.no\/mi\/wp-json\/wp\/v2\/comments?post=338"}],"version-history":[{"count":28,"href":"https:\/\/www.marine-i.no\/mi\/wp-json\/wp\/v2\/pages\/338\/revisions"}],"predecessor-version":[{"id":971,"href":"https:\/\/www.marine-i.no\/mi\/wp-json\/wp\/v2\/pages\/338\/revisions\/971"}],"wp:attachment":[{"href":"https:\/\/www.marine-i.no\/mi\/wp-json\/wp\/v2\/media?parent=338"}],"curies":[{"name":"wp","href":"https:\/\/api.w.org\/{rel}","templated":true}]}}