{"id":71,"date":"2019-01-29T09:00:56","date_gmt":"2019-01-29T08:00:56","guid":{"rendered":"http:\/\/www.marine-i.no\/mi\/?page_id=71"},"modified":"2019-02-21T08:22:45","modified_gmt":"2019-02-21T07:22:45","slug":"utleie","status":"publish","type":"page","link":"https:\/\/www.marine-i.no\/mi\/utleie\/","title":{"rendered":"Utleie personell"},"content":{"rendered":"\n<h2 class=\"wp-block-heading\">Svarte fag :<\/h2>\n\n\n\n<p>Marine Installasjon har rammeavtaler med mange av de store industribedriftene i Norge. <\/p>\n\n\n\n<p>Aker, Aibel, Worley Parsons Rosenberg, Kv\u00e6rner, FMCTechnip, Wood, Jotun og BASF er bedrifter som benytter v\u00e5re flinke fagfolk innenfor R\u00f8r, Sveis, Plate og mekanisk arbeid. De fleste har tilleggskompetanse med kurser innenfor boltetrekk og Rigg\/anhuker. Sv\u00e6rt mange har ogs\u00e5 lang erfaring innenfor Offshore og flere er dyktige arbeidsledere og HMS kurset.<\/p>\n\n\n\n<p>Ta kontakt med Harald hvis dere trenger kompetente fagfolk for prosjekter rundt i Norges land eller i utlandet. <\/p>\n\n\n\n<h2 class=\"wp-block-heading\">Ingeni\u00f8rer:<\/h2>\n\n\n\n<p>Vi har ogs\u00e5 ett tett samarbeid med Allum People som leier ut ingeni\u00f8rer for prosjekter med ulik lengde. For mer info sjekk<br><a href=\"http:\/\/www.allum.no\">http:\/\/www.allum.no<\/a><br><\/p>\n\n\n\n<p><br><\/p>\n","protected":false},"excerpt":{"rendered":"<p>Svarte fag : Marine Installasjon har rammeavtaler med mange av de store industribedriftene i Norge. Aker, Aibel, Worley Parsons Rosenberg, Kv\u00e6rner, FMCTechnip, Wood, Jotun og BASF er bedrifter som benytter v\u00e5re flinke fagfolk innenfor R\u00f8r, Sveis, Plate og mekanisk arbeid. De fleste har tilleggskompetanse med kurser innenfor boltetrekk og Rigg\/anhuker. Sv\u00e6rt mange har ogs\u00e5 lang [&hellip;]<\/p>\n","protected":false},"author":1,"featured_media":0,"parent":0,"menu_order":0,"comment_status":"closed","ping_status":"closed","template":"","meta":{"footnotes":""},"class_list":["post-71","page","type-page","status-publish","hentry"],"_links":{"self":[{"href":"https:\/\/www.marine-i.no\/mi\/wp-json\/wp\/v2\/pages\/71","targetHints":{"allow":["GET"]}}],"collection":[{"href":"https:\/\/www.marine-i.no\/mi\/wp-json\/wp\/v2\/pages"}],"about":[{"href":"https:\/\/www.marine-i.no\/mi\/wp-json\/wp\/v2\/types\/page"}],"author":[{"embeddable":true,"href":"https:\/\/www.marine-i.no\/mi\/wp-json\/wp\/v2\/users\/1"}],"replies":[{"embeddable":true,"href":"https:\/\/www.marine-i.no\/mi\/wp-json\/wp\/v2\/comments?post=71"}],"version-history":[{"count":11,"href":"https:\/\/www.marine-i.no\/mi\/wp-json\/wp\/v2\/pages\/71\/revisions"}],"predecessor-version":[{"id":757,"href":"https:\/\/www.marine-i.no\/mi\/wp-json\/wp\/v2\/pages\/71\/revisions\/757"}],"wp:attachment":[{"href":"https:\/\/www.marine-i.no\/mi\/wp-json\/wp\/v2\/media?parent=71"}],"curies":[{"name":"wp","href":"https:\/\/api.w.org\/{rel}","templated":true}]}}