{"id":875,"date":"2023-05-15T14:57:18","date_gmt":"2023-05-15T12:57:18","guid":{"rendered":"https:\/\/www.marine-i.no\/mi\/?page_id=875"},"modified":"2025-07-21T15:19:41","modified_gmt":"2025-07-21T13:19:41","slug":"marine-installasjon-og-apenhetsloven","status":"publish","type":"page","link":"https:\/\/www.marine-i.no\/mi\/marine-installasjon-og-apenhetsloven\/","title":{"rendered":"Marine Installasjon og \u00e5penhetsloven"},"content":{"rendered":"\n<div class=\"wp-block-group\"><div class=\"wp-block-group__inner-container is-layout-flow wp-block-group-is-layout-flow\">\n<div class=\"wp-block-group\"><div class=\"wp-block-group__inner-container is-layout-flow wp-block-group-is-layout-flow\">\n<div class=\"wp-block-group\"><div class=\"wp-block-group__inner-container is-layout-flow wp-block-group-is-layout-flow\">\n<h3 class=\"wp-block-heading\">Forankret ansvarlighet i styret<\/h3>\n\n\n\n<p>\u00c5penhetsloven er forankret i styret i Marine Installasjon AS. Styret har vedtatt en plan for hvordan virksomheten skal gjennomf\u00f8re aktsomhetsvurderinger. Planen omfatter hele leverand\u00f8rkjeden, relevante forretningsforbindelser og utpeker ansvarlige personer i administrasjonen som skal h\u00e5ndtere eventuelle foresp\u00f8rsler.<\/p>\n\n\n\n<h3 class=\"wp-block-heading\">Retningslinjer og bedriftskultur<\/h3>\n\n\n\n<p>Marine Installasjon AS er medlem av NHO, og over 90 % av v\u00e5re ansatte er organisert i fagforbund. Dette forplikter oss til \u00e5 f\u00f8lge norsk lovverk, inkludert kravene til \u00e5penhet i henhold til \u00c5penhetsloven. V\u00e5re samarbeidspartnere, b\u00e5de kunder og leverand\u00f8rer, er tilsvarende organisert, noe som bidrar til \u00e5 sikre forsvarlige arbeidsvilk\u00e5r og etterlevelse av produktansvar.<\/p>\n\n\n\n<h3 class=\"wp-block-heading\">System for h\u00e5ndtering av informasjonsplikten<\/h3>\n\n\n\n<p>Vi har etablert et system for \u00e5 h\u00e5ndtere henvendelser knyttet til \u00e5penhetsloven. Som ISO-sertifisert virksomhet har Marine Installasjon AS implementert rutiner som sikrer at slike foresp\u00f8rsler behandles i tr\u00e5d med lovens krav om svar innen tre uker.<\/p>\n\n\n\n<h3 class=\"wp-block-heading\">Kartlegging<\/h3>\n\n\n\n<p>For \u00e5 oppfylle kravene til aktsomhetsvurderinger, kartlegger vi b\u00e5de interne forhold og forhold knyttet til hele leverand\u00f8rkjeden og \u00f8vrige forretningsforbindelser. Marine Installasjon AS har et begrenset antall, men store og stabile kunder vi er i daglig dialog med. Dette gir oss mulighet til raskt \u00e5 ta opp eventuelle problemstillinger relatert til \u00c5penhetsloven. V\u00e5re ISO-rutiner st\u00f8tter opp om slike prosesser og sikrer en strukturert tiln\u00e6rming.<\/p>\n\n\n\n<h3 class=\"wp-block-heading\">Risikoanalyse<\/h3>\n\n\n\n<p>V\u00e5r kartlegging viser at det er lav risiko for brudd p\u00e5 menneskerettigheter og diskriminering, b\u00e5de internt i virksomheten og hos v\u00e5re underleverand\u00f8rer. Eventuelle forhold som oppst\u00e5r, blir behandlet i v\u00e5re ukentlige driftsm\u00f8ter og h\u00e5ndteres i tr\u00e5d med gjeldende ISO-sertifisering og behov for eventuelle justeringer i rutiner.<\/p>\n\n\n\n<div class=\"wp-block-group\"><div class=\"wp-block-group__inner-container is-layout-flow wp-block-group-is-layout-flow\">\n<p><\/p>\n\n\n\n<p><\/p>\n<\/div><\/div>\n<\/div><\/div>\n<\/div><\/div>\n<\/div><\/div>\n\n\n\n<p><\/p>\n","protected":false},"excerpt":{"rendered":"<p>Forankret ansvarlighet i styret \u00c5penhetsloven er forankret i styret i Marine Installasjon AS. Styret har vedtatt en plan for hvordan virksomheten skal gjennomf\u00f8re aktsomhetsvurderinger. Planen omfatter hele leverand\u00f8rkjeden, relevante forretningsforbindelser og utpeker ansvarlige personer i administrasjonen som skal h\u00e5ndtere eventuelle foresp\u00f8rsler. Retningslinjer og bedriftskultur Marine Installasjon AS er medlem av NHO, og over 90 % [&hellip;]<\/p>\n","protected":false},"author":1,"featured_media":0,"parent":0,"menu_order":0,"comment_status":"closed","ping_status":"closed","template":"","meta":{"footnotes":""},"class_list":["post-875","page","type-page","status-publish","hentry"],"_links":{"self":[{"href":"https:\/\/www.marine-i.no\/mi\/wp-json\/wp\/v2\/pages\/875","targetHints":{"allow":["GET"]}}],"collection":[{"href":"https:\/\/www.marine-i.no\/mi\/wp-json\/wp\/v2\/pages"}],"about":[{"href":"https:\/\/www.marine-i.no\/mi\/wp-json\/wp\/v2\/types\/page"}],"author":[{"embeddable":true,"href":"https:\/\/www.marine-i.no\/mi\/wp-json\/wp\/v2\/users\/1"}],"replies":[{"embeddable":true,"href":"https:\/\/www.marine-i.no\/mi\/wp-json\/wp\/v2\/comments?post=875"}],"version-history":[{"count":5,"href":"https:\/\/www.marine-i.no\/mi\/wp-json\/wp\/v2\/pages\/875\/revisions"}],"predecessor-version":[{"id":920,"href":"https:\/\/www.marine-i.no\/mi\/wp-json\/wp\/v2\/pages\/875\/revisions\/920"}],"wp:attachment":[{"href":"https:\/\/www.marine-i.no\/mi\/wp-json\/wp\/v2\/media?parent=875"}],"curies":[{"name":"wp","href":"https:\/\/api.w.org\/{rel}","templated":true}]}}